{"id":266,"date":"2013-06-19T21:00:07","date_gmt":"2013-06-19T21:00:07","guid":{"rendered":"http:\/\/enviro.com\/dev\/?page_id=266"},"modified":"2016-09-29T14:57:53","modified_gmt":"2016-09-29T18:57:53","slug":"tips","status":"publish","type":"page","link":"https:\/\/enviro.com\/fr\/resources\/tips\/","title":{"rendered":"Tips"},"content":{"rendered":"<div style=\"width: 938px; margin: 40px auto;\">\n<div class=\"catHeader\">Conseils<\/div>\n<div style=\"margin: 10px 0 0 0; width: 600px;\">\n<ol style=\"margin: 0 0 0 5px;\" type=\"none\">\n<li class=\"question\">\n<div class=\"questionTips\">Quelle est la bonne fa\u00e7on de d\u00e9marrer un feu?<\/div>\n<div class=\"answer\">\n<ol style=\"margin: 0 0 0 20px;\" type=\"1\">\n<li class=\"question\">Vous aurez besoin de petits morceaux de bois sec (bois d&#8217;allumage) et du papier. Utilisez uniquement du papier journal ou qui n&#8217;a pas \u00e9t\u00e9 rev\u00eatue ou avait des mat\u00e9riaux inconnus coll\u00e9s ou appliqu\u00e9s. Ne jamais utiliser rev\u00eatus (d\u00e9pliants publicitaires g\u00e9n\u00e9ralement) ou du papier de couleur.<\/li>\n<li class=\"question\">Ouvrez la porte du po\u00eale \u00e0 bois.<\/li>\n<li class=\"question\">Froisser plusieurs morceaux de papier et placez-les au centre de la chambre de combustion et directement sur les briques r\u00e9fractaires du po\u00eale \u00e0 bois (voir informations produit fourni avec votre po\u00eale). Ne jamais utiliser une grille pour \u00e9lever le feu.<\/li>\n<li class=\"question\">Placez des petits morceaux de bois sec (bois d&#8217;allumage) sur le papier d&#8217;une mani\u00e8re &#8220;teepee&#8221;. Cela permet une bonne circulation de l&#8217;air, ce qui est essentiel pour une bonne combustion.<\/li>\n<li class=\"question\">Allumez le papier chiffonn\u00e9 dans 2 ou 3 endroits. Remarque: Il est important de chauffer l&#8217;air dans le tuyau de po\u00eale pour le projet de d\u00e9part.<\/li>\n<li class=\"question\">Ouvrez compl\u00e8tement le contr\u00f4le d&#8217;air du po\u00eale \u00e0 bois (voir information produit fourni avec votre po\u00eale) et fermer la porte jusqu&#8217;\u00e0 ce qu&#8217;elle soit l\u00e9g\u00e8rement ouverte, permettant l&#8217;air bien n\u00e9cessaire pour \u00eatre introduit dans la chambre de combustion. Ne laissez jamais la porte compl\u00e8tement ouverte comme des \u00e9tincelles de l&#8217;embrasement peuvent survenir et causer des blessures. Comme le feu commence \u00e0 br\u00fbler le bois d&#8217;allumage, suppl\u00e9mentaire peut \u00eatre n\u00e9cessaire pour maintenir le feu. NE PAS ajouter plus de papier apr\u00e8s l&#8217;incendie a commenc\u00e9.<\/li>\n<li class=\"question\">Une fois que le bois d&#8217;allumage a commenc\u00e9 \u00e0 br\u00fbler, commencer par ajouter certains de vos petites b\u00fbches de bois (sec). Remarque: L&#8217;ajout de gros morceaux aux premiers stades ne servira qu&#8217;\u00e0 \u00e9touffer le feu. Continuez \u00e0 ajouter de petites b\u00fbches de bois (sec), en gardant la porte entrouverte jusqu&#8217;\u00e0 ce que chaque pi\u00e8ce commence \u00e0 enflammer. Rappelez-vous de toujours ouvrir la porte lentement entre placer le bois dans le feu.<\/li>\n<li class=\"question\">Une fois que le bois a commenc\u00e9 \u00e0 enflammer et la fum\u00e9e a r\u00e9duit, fermer la porte du po\u00eale \u00e0 bois enti\u00e8rement. La r\u00e9duction de la fum\u00e9e est une bonne indication que le tirage de la chemin\u00e9e a commenc\u00e9 et bonne combustionis maintenant possible. De grosses b\u00fbches de bois de chauffage (sec) peuvent maintenant \u00eatre ajout\u00e9s quand il y a suffisamment d&#8217;espace dans la chambre de combustion. Ajustez le r\u00e9glage de l&#8217;air \u00e0 la position d\u00e9sir\u00e9e (voir les informations de produit fourni avec votre po\u00eale).<\/li>\n<li class=\"question\">Remarque: Plus le r\u00e9glage de contr\u00f4le de l&#8217;air, plus le temps de combustion de votre bois de chauffage.<\/li>\n<\/ol>\n<\/div>\n<\/li>\n<li class=\"question\">\n<div class=\"questionTips\">Quel type de bois est pr\u00e9f\u00e9rable d&#8217;utiliser comme bois de chauffage?<\/div>\n<div class=\"answer\">Sec, du bois dur doit \u00eatre utilis\u00e9. Eviter du bois vert. Le bois vert, outre la combustion \u00e0 seulement 60% de la valeur de carburant de bois sec, d\u00e9posera la cr\u00e9osote \u00e0 l&#8217;int\u00e9rieur de votre po\u00eale et de l&#8217;int\u00e9rieur de votre chemin\u00e9e.<\/div>\n<\/li>\n<li class=\"question\">\n<div class=\"questionTips\">Qu&#8217;est-ce que du bois sec signifie et ce qui est consid\u00e9r\u00e9 comme bois franc?<\/div>\n<div class=\"answer\">Le bois qui a \u00e9t\u00e9 s\u00e9ch\u00e9 pendant une p\u00e9riode d&#8217;un an dans un endroit bien a\u00e9r\u00e9 et \u00e0 l&#8217;abri serait consid\u00e9r\u00e9 comme du bois sec. Feuillus sont g\u00e9n\u00e9ralement des arbres \u00e0 croissance lente (exemple: ch\u00eane et sapin). R\u00e9sineux sont g\u00e9n\u00e9ralement des arbres \u00e0 croissance rapide (exemple: pin et l&#8217;\u00e9pic\u00e9a).<\/div>\n<\/li>\n<li class=\"question\">\n<div class=\"questionTips\">Est-ce que suivant les \u00e9tapes \u00e9num\u00e9r\u00e9es ci-dessus pour commencer un r\u00e9sultat d&#8217;incendie dans des r\u00e9sultats parfaits tout le temps?<\/div>\n<div class=\"answer\">La r\u00e9ponse rapide est la plupart du temps. Il y a beaucoup de variables qui peuvent affecter votre taux de r\u00e9ussite lors du d\u00e9marrage d&#8217;un incendie. La plupart de ces variables et la fa\u00e7on de traiter avec eux seront tir\u00e9s par l&#8217;exp\u00e9rience. Votre capacit\u00e9 \u00e0 d\u00e9marrer un bon feu augmentera de mani\u00e8re significative avec le temps et la patience. Certaines des raisons pour la performance du po\u00eale pauvres seront couverts dans la section suivante de ces instructions.<\/div>\n<\/li>\n<li class=\"question\">\n<div class=\"questionTips\">Pourquoi ne puis-je obtenir le feu allum\u00e9?<\/div>\n<div class=\"answer\">Le bois humide ou humide et un mauvais tirage sont les principales raisons de mauvais r\u00e9sultats dans un incendie. Toujours utiliser du bois sec pour le feu. M\u00eame bois s\u00e9ch\u00e9 pendant deux ans sera difficile \u00e0 enflammer, si elle est devenue humide.<\/div>\n<\/li>\n<li class=\"question\">\n<div class=\"questionTips\">Pourquoi est-il toujours une grande quantit\u00e9 d&#8217;une \u00e9paisse fum\u00e9e noire pr\u00e9sente dans le foyer?<\/div>\n<div class=\"answer\">Une grande quantit\u00e9 d&#8217;une \u00e9paisse fum\u00e9e noire dans le foyer est une bonne indication que le projet est pauvre.<\/div>\n<\/li>\n<li class=\"question\">\n<div class=\"questionTips\">Est-il normal de suie pour couvrir le verre au d\u00e9but d&#8217;un incendie?<\/div>\n<div class=\"answer\">Votre po\u00eale a \u00e9t\u00e9 construit avec un syst\u00e8me de lavage d&#8217;air qui aidera \u00e0 garder le verre clair quand le foyer a atteint une bonne temp\u00e9rature de fonctionnement et a un bon projet. temp\u00e9rature de la chambre de combustion froide et un mauvais tirage cause de l&#8217;encrassement du verre. Une fois la temp\u00e9rature du foyer et le projet de hausse, la suie br\u00fblera.<\/div>\n<\/li>\n<li class=\"question\">\n<div class=\"questionTips\">Quel est le projet?<\/div>\n<div class=\"answer\">Projet est la capacit\u00e9 de la chemin\u00e9e \u00e0 \u00e9vacuer ou dessiner sous-produits au cours du processus de combustion normale.<\/div>\n<\/li>\n<li class=\"question\">\n<div class=\"questionTips\">Ce qui peut entra\u00eener un mauvais projet?<\/div>\n<div class=\"answer\">Les facteurs les plus courants pour les pauvres projet sont les suivants:<\/p>\n<ol style=\"margin: 0 0 0 20px;\" type=\"a\">\n<ol style=\"margin: 0 0 0 20px;\" type=\"1\">\n<li class=\"question\">\n<div class=\"questionTips\">La pression atmosph\u00e9rique et de l&#8217;alimentation en air.<\/div>\n<div class=\"answer\">La pression atmosph\u00e9rique affectant le projet \u00e0 partir d&#8217;une chemin\u00e9e peut \u00eatre soit \u00e0 l&#8217;ext\u00e9rieur de la maison, \u00e0 l&#8217;int\u00e9rieur de la maison, ou les deux. En dehors de la maison, une journ\u00e9e \u00e0 haute pression (claire et fra\u00eeche) cr\u00e9e g\u00e9n\u00e9ralement un meilleur projet dans la chemin\u00e9e d&#8217;une journ\u00e9e (couvert et humide) \u00e0 basse pression. A l&#8217;int\u00e9rieur de la maison, les appareils m\u00e9nagers normaux, tels que les s\u00e8che-linge et des fours \u00e0 air puls\u00e9 en comp\u00e9tition pour l&#8217;air r\u00e9sultant en des quantit\u00e9s insuffisantes de l&#8217;air disponible pour alimenter un feu et cr\u00e9er une condition connue sous pression n\u00e9gative. Dans des conditions extr\u00eames de pression n\u00e9gative, la combustion des sous-produits peuvent \u00eatre tir\u00e9s de la chemin\u00e9e et dans la maison. Cette condition est commun\u00e9ment appel\u00e9e down-drafting.There sont plusieurs facteurs qui influent sur la quantit\u00e9 d&#8217;air disponible dans la maison. Des quantit\u00e9s accrues de fen\u00eatres en vinyle d&#8217;isolation, de calfeutrage suppl\u00e9mentaire dans divers endroits et joints de porte peuvent tous garder la chaleur, mais peut aussi faire une maison trop \u00e9tanche. Si vous \u00eates dans le doute quant \u00e0 savoir si ou non il y a suffisamment d&#8217;air dans votre maison pour votre po\u00eale, r\u00e9duire d&#8217;utiliser ces appareils connus pour consommer l&#8217;air si possible, ou d&#8217;ouvrir une fen\u00eatre ou une porte pour laisser l&#8217;air entrer dans la maison.<\/div>\n<\/li>\n<li class=\"question\">\n<div class=\"questionTips\">Conditions environnementales<\/div>\n<div class=\"answer\">Courants descendants peuvent r\u00e9sulter d&#8217;un emplacement de la maison \u00e0 basse altitude (vall\u00e9e), si la maison est entour\u00e9e par des structures de grande taille (arbres, d&#8217;autres b\u00e2timents) ou de conditions venteuses.<\/div>\n<\/li>\n<li class=\"question\">\n<div class=\"questionTips\">Chemin\u00e9e froide<\/div>\n<div class=\"answer\">\u00c9viter les temp\u00e9ratures froides de chemin\u00e9e en br\u00fblant un feu chaud pendant les quinze \u00e0 quarante premi\u00e8res minutes, en faisant attention \u00e0 ne pas sur le feu. Si une partie de la chemin\u00e9e ou du po\u00eale commencent \u00e0 briller, vous \u00eates sur-cuisson de la po\u00eale. Si possible, installez une jauge de temp\u00e9rature sur la chemin\u00e9e pour les chutes de temp\u00e9rature peuvent \u00eatre vus.<\/div>\n<\/li>\n<li class=\"question\">\n<div class=\"questionTips\">Installation de chemin\u00e9e et d&#8217;entretien<\/div>\n<div class=\"answer\">\u00c9vitez d&#8217;utiliser trop de coudes ou de longues courses horizontales. En cas de doute, contactez un expert de la chemin\u00e9e et \/ ou le fabricant de la chemin\u00e9e \u00e0 l&#8217;aide. Nettoyez la chemin\u00e9e, capuchons de pluie et en particulier le pare-\u00e9tincelles r\u00e9guli\u00e8rement, afin d&#8217;\u00e9viter l&#8217;accumulation de cr\u00e9osote, ce qui permettra de r\u00e9duire consid\u00e9rablement tirage de la chemin\u00e9e et peut-\u00eatre un feu de chemin\u00e9e.<\/div>\n<\/li>\n<\/ol>\n<\/ol>\n<\/div>\n<\/li>\n<\/ol>\n<\/div>\n<ul>\n<li class=\"question\">\n<div class=\"questionTips\">Dois-je fermer ou ouvrir le contr\u00f4le d&#8217;air compl\u00e8tement lors de l&#8217;arr\u00eat du po\u00eale?<\/div>\n<div class=\"answer\">Lors de l&#8217;arr\u00eat du po\u00eale, ouvrir compl\u00e8tement le contr\u00f4le d&#8217;air. Cela permet \u00e0 la temp\u00e9rature de chemin\u00e9e de rester aussi \u00e9lev\u00e9 que possible, le plus longtemps possible. Les temp\u00e9ratures de chemin\u00e9e froides cr\u00e9ent la cr\u00e9osote.<\/div>\n<\/li>\n<\/ul>\n<div style=\"margin: 20px 0 0 5px;\">Remarque: Cette feuille est con\u00e7u comme une aide et ne remplace pas les exigences locales, provinciales ou nationales.  V\u00e9rifiez aupr\u00e8s des autorit\u00e9s ou des autorit\u00e9s comp\u00e9tentes de votre r\u00e9gion.<\/div>\n<div>Enviro trouble shooter et pi\u00e8ces outil de liste<\/div>\n<div>G\u00e9n\u00e9rer une liste ou rechercher les parties communes. Rechercher l&#8217;arbre de d\u00e9pannage.<\/div>\n<\/div>\n<p><!--<script>\n$('.answer').hide(); \/\/hide all the question text\n$('.questionTips').on('click', function() {\n  $(this).next('.answer').slideToggle('fast');\n});\n<\/script>--><\/p>\n","protected":false},"excerpt":{"rendered":"<p>Conseils Quelle est la bonne fa\u00e7on de d\u00e9marrer un feu? Vous aurez besoin de petits morceaux de bois sec (bois d&#8217;allumage) et du papier. Utilisez uniquement du papier journal ou qui n&#8217;a pas \u00e9t\u00e9 rev\u00eatue ou avait des mat\u00e9riaux inconnus coll\u00e9s ou appliqu\u00e9s. Ne jamais utiliser rev\u00eatus (d\u00e9pliants publicitaires g\u00e9n\u00e9ralement) ou du papier de couleur. [&hellip;]<\/p>\n","protected":false},"author":2,"featured_media":0,"parent":254,"menu_order":0,"comment_status":"closed","ping_status":"open","template":"","meta":{"footnotes":""},"class_list":["post-266","page","type-page","status-publish","hentry"],"_links":{"self":[{"href":"https:\/\/enviro.com\/fr\/wp-json\/wp\/v2\/pages\/266"}],"collection":[{"href":"https:\/\/enviro.com\/fr\/wp-json\/wp\/v2\/pages"}],"about":[{"href":"https:\/\/enviro.com\/fr\/wp-json\/wp\/v2\/types\/page"}],"author":[{"embeddable":true,"href":"https:\/\/enviro.com\/fr\/wp-json\/wp\/v2\/users\/2"}],"replies":[{"embeddable":true,"href":"https:\/\/enviro.com\/fr\/wp-json\/wp\/v2\/comments?post=266"}],"version-history":[{"count":2,"href":"https:\/\/enviro.com\/fr\/wp-json\/wp\/v2\/pages\/266\/revisions"}],"predecessor-version":[{"id":1947,"href":"https:\/\/enviro.com\/fr\/wp-json\/wp\/v2\/pages\/266\/revisions\/1947"}],"up":[{"embeddable":true,"href":"https:\/\/enviro.com\/fr\/wp-json\/wp\/v2\/pages\/254"}],"wp:attachment":[{"href":"https:\/\/enviro.com\/fr\/wp-json\/wp\/v2\/media?parent=266"}],"curies":[{"name":"wp","href":"https:\/\/api.w.org\/{rel}","templated":true}]}}