{"id":268,"date":"2013-06-19T21:00:28","date_gmt":"2013-06-19T21:00:28","guid":{"rendered":"http:\/\/enviro.com\/dev\/?page_id=268"},"modified":"2018-04-23T12:31:42","modified_gmt":"2018-04-23T16:31:42","slug":"glossary","status":"publish","type":"page","link":"https:\/\/enviro.com\/fr\/resources\/glossary\/","title":{"rendered":"Glossary"},"content":{"rendered":"<div style=\"width: 938px; margin: 40px auto;\">\n<img loading=\"lazy\" decoding=\"async\" src=\"https:\/\/enviro.com\/wp-content\/uploads\/2013\/06\/title-glossary.jpg\" alt=\"title-glossary\" width=\"650\" height=\"45\" class=\"alignnone size-full wp-image-917\" style=\"margin:20px 0px 10px 0px;\"\/><\/p>\n<div class=\"glossaryList\">\n<ul>\n<li class=\"question\">\n<div class=\"questionTips\">Po\u00eales<\/div>\n<div class=\"answer\">Po\u00eales autoportants sont ind\u00e9pendants d&#8217;une chemin\u00e9e, au lieu mont\u00e9 sur un pi\u00e9destal ou jambes au sommet d&#8217;une garniture de chemin\u00e9e. Enviro posable sont disponibles pour le bois, le gaz et granul\u00e9s combustibles.<\/div>\n<\/li>\n<li class=\"question\">\n<div class=\"questionTips\">Encastrables<\/div>\n<div class=\"answer\">Encastrables sont des unit\u00e9s qui peuvent \u00eatre install\u00e9s dans une ma\u00e7onnerie ou foyer fabriqu\u00e9 en usine existante avec une chemin\u00e9e. Les encastrables des Enviro sont disponibles pour le bois, le gaz et granul\u00e9s combustibles.<\/div>\n<\/li>\n<li class=\"question\">\n<div class=\"questionTips\">Foyers<\/div>\n<div class=\"answer\">Ceci est une unit\u00e9 qui peut \u00eatre mis dans la nouvelle construction ou de r\u00e9novation sans une chemin\u00e9e existante.<\/div>\n<\/li>\n<li class=\"question\">\n<div class=\"questionTips\">BV ou B Vent<\/div>\n<div class=\"answer\">Ce type d&#8217;unit\u00e9 prend son air pour la combustion de la maison et \u00e9vents \u00e0 travers un conduit de fum\u00e9e. Les avantages sont que l&#8217;appareil et la ventilation n\u00e9cessaire sont g\u00e9n\u00e9ralement moins chers. Il est recommand\u00e9 de ne pas mettre une unit\u00e9 B de ventilation dans une nouvelle \u00e9nergie construction efficace ou maisons herm\u00e9tiquement ferm\u00e9s, en raison de probl\u00e8mes de combustion possibles.<\/div>\n<\/li>\n<li class=\"question\">\n<div class=\"questionTips\">DV ou ventilation directe<\/div>\n<div class=\"answer\">Ce type d&#8217;unit\u00e9 prend son air de combustion \u00e0 partir de l&#8217;ext\u00e9rieur de la maison et \u00e9puise \u00e0 travers un conduit de fum\u00e9e. La prise d&#8217;air et le conduit d&#8217;\u00e9chappement peuvent \u00eatre soit colin\u00e9aire ou co-axiale. Habituellement, plus cher \u00e0 la fois l&#8217;unit\u00e9 et la chemin\u00e9e, un po\u00eale \u00e0 \u00e9vent direct est une unit\u00e9 scell\u00e9e. Cela veut dire qu&#8217;il est ind\u00e9pendant de l&#8217;enveloppe de la maison. Ce type d&#8217;unit\u00e9 est id\u00e9ale pour la nouvelle construction \u00e9tanche \u00e0 l&#8217;air d&#8217;aujourd&#8217;hui.<\/div>\n<\/li>\n<li class=\"question\">\n<div class=\"questionTips\">PL<\/div>\n<div class=\"answer\">(Gaz de p\u00e9trole liqu\u00e9fi\u00e9) Propane.<\/div>\n<\/li>\n<li class=\"question\">\n<div class=\"questionTips\">GN<\/div>\n<div class=\"answer\">Gaz naturel.<\/div>\n<\/li>\n<li class=\"question\">\n<div class=\"questionTips\">Air de convection<\/div>\n<div class=\"answer\">Fait r\u00e9f\u00e9rence au processus cyclique dans lequel l&#8217;air de refroidissement passe \u00e0 travers ou \u00e0 proximit\u00e9 de l&#8217;\u00e9changeur de chaleur, le r\u00e9chauffement avant de circuler dans la pi\u00e8ce. Ce cycle est un processus continu lorsque l&#8217;appareil est en fonctionnement, le r\u00e9chauffement continu et de redistribution de l&#8217;air plus frais.<\/div>\n<\/li>\n<li class=\"question\">\n<div class=\"questionTips\">\u00c9changeur de chaleur<\/div>\n<div class=\"answer\">Ce dispositif est charg\u00e9 de transf\u00e9rer la chaleur g\u00e9n\u00e9r\u00e9e dans la chambre de combustion \u00e0 l&#8217;air de convection et dans la pi\u00e8ce. Les points \u00e0 rechercher dans une zone de l&#8217;\u00e9changeur de chaleur efficace:<\/p>\n<ul>\n<li style=\"margin: -5px 0 0 10px;\"><b>1.<\/b>&nbsp;&nbsp;&nbsp;Une grande surface pour permettre \u00e0 l&#8217;air de convection contact suffisant pour transf\u00e9rer autant de chaleur que possible du feu \u00e0 la salle.<\/li>\n<li style=\"margin: 10px 0 0 10px;\"><b>2.<\/b>&nbsp;&nbsp;&nbsp;L&#8217;\u00e9changeur de chaleur doit avoir la convection naturelle permettant \u00e0 l&#8217;air de circuler librement avec ou sans ventilateur.<\/li>\n<li style=\"margin: 10px 0 0 10px;\"><b>3.<\/b>&nbsp;&nbsp;&nbsp;Il devrait \u00eatre de construction solide pour permettre une durabilit\u00e9 et un bon transfert thermique qualit\u00e9s.<\/li>\n<\/ul>\n<\/div>\n<\/li>\n<li class=\"question\">\n<div class=\"questionTips\">Chauffe-chambre, \u00e9vent direct mur four et paroi four.<\/div>\n<div class=\"answer\">Ce sont des termes de l&#8217;industrie pour les unit\u00e9s qui ont \u00e9t\u00e9 con\u00e7us \u00e0 un haut niveau d&#8217;efficacit\u00e9. Vous devez \u00e9viter les unit\u00e9s qui ne sont que d\u00e9coratifs not\u00e9s.<\/div>\n<\/li>\n<li class=\"question\">\n<div class=\"questionTips\">Efficacit\u00e9 de l&#8217;\u00e9tat d&#8217;\u00e9quilibre<\/div>\n<div class=\"answer\">Ceci est un calcul quant \u00e0 la fa\u00e7on efficace que vous gravez votre carburant et comment efficacement vous mettez cette chaleur dans la pi\u00e8ce. Lorsque l&#8217;on regarde ces chiffres d&#8217;efficacit\u00e9 la meilleure gamme d&#8217;\u00eatre est comprise entre 75% et 83%. Ci-dessous de 75%, vous ne br\u00fblez pas le gaz le plus efficacement possible. Au-dessus de 85%, les temp\u00e9ratures d&#8217;\u00e9chappement basses permettent \u00e0 l&#8217;eau pour s\u00e9parer des gaz d&#8217;\u00e9chappement, ce qui peut causer des probl\u00e8mes avec votre ventilation ou de l&#8217;unit\u00e9.<\/div>\n<\/li>\n<li class=\"question\">\n<div class=\"questionTips\">Ensemble de b\u00fbches en c\u00e9ramique.<\/div>\n<div class=\"answer\">Dans le pass\u00e9, les jeux de journaux ont \u00e9t\u00e9 fabriqu\u00e9s \u00e0 partir de b\u00e9ton et regard\u00e9 irr\u00e9aliste. Aujourd&#8217;hui, l&#8217;am\u00e9lioration des ensembles de journaux sont fabriqu\u00e9s \u00e0 partir d&#8217;une fibre c\u00e9ramique qui ressemble plus \u00e0 du vrai bois. Lorsque la flamme touche le mat\u00e9riau de tison et le c\u00f4t\u00e9 du journal, il brille comme un vrai feu.<\/div>\n<\/li>\n<li class=\"question\">\n<div class=\"questionTips\">PCM<\/div>\n<div class=\"answer\">(Pieds cubes par minute) Ceci est la quantit\u00e9 d&#8217;air qu&#8217;un ventilateur se d\u00e9place. Il n&#8217;y a pas de chiffre magique qui est adapt\u00e9 \u00e0 toutes les unit\u00e9s; plut\u00f4t, un ventilateur doit \u00eatre r\u00e9duite \u00e0 une unit\u00e9 particuli\u00e8re. Si la quantit\u00e9 de mouvement d&#8217;air ne soit pas \u00e9quilibr\u00e9 \u00e0 la taille de l&#8217;unit\u00e9, il peut devenir bruyant.<\/div>\n<\/li>\n<\/ul>\n<\/div>\n<\/div>\n<p><!-- <script>\n$('.answer').hide(); \/\/hide all the question text\n$('.questionTips').on('click', function() {\n  $(this).next('.answer').slideToggle('fast');\n});\n<\/script> --><\/p>\n","protected":false},"excerpt":{"rendered":"<p>Po\u00eales Po\u00eales autoportants sont ind\u00e9pendants d&#8217;une chemin\u00e9e, au lieu mont\u00e9 sur un pi\u00e9destal ou jambes au sommet d&#8217;une garniture de chemin\u00e9e. Enviro posable sont disponibles pour le bois, le gaz et granul\u00e9s combustibles. Encastrables Encastrables sont des unit\u00e9s qui peuvent \u00eatre install\u00e9s dans une ma\u00e7onnerie ou foyer fabriqu\u00e9 en usine existante avec une chemin\u00e9e. Les [&hellip;]<\/p>\n","protected":false},"author":2,"featured_media":0,"parent":254,"menu_order":0,"comment_status":"closed","ping_status":"open","template":"","meta":{"footnotes":""},"class_list":["post-268","page","type-page","status-publish","hentry"],"_links":{"self":[{"href":"https:\/\/enviro.com\/fr\/wp-json\/wp\/v2\/pages\/268"}],"collection":[{"href":"https:\/\/enviro.com\/fr\/wp-json\/wp\/v2\/pages"}],"about":[{"href":"https:\/\/enviro.com\/fr\/wp-json\/wp\/v2\/types\/page"}],"author":[{"embeddable":true,"href":"https:\/\/enviro.com\/fr\/wp-json\/wp\/v2\/users\/2"}],"replies":[{"embeddable":true,"href":"https:\/\/enviro.com\/fr\/wp-json\/wp\/v2\/comments?post=268"}],"version-history":[{"count":5,"href":"https:\/\/enviro.com\/fr\/wp-json\/wp\/v2\/pages\/268\/revisions"}],"predecessor-version":[{"id":2010,"href":"https:\/\/enviro.com\/fr\/wp-json\/wp\/v2\/pages\/268\/revisions\/2010"}],"up":[{"embeddable":true,"href":"https:\/\/enviro.com\/fr\/wp-json\/wp\/v2\/pages\/254"}],"wp:attachment":[{"href":"https:\/\/enviro.com\/fr\/wp-json\/wp\/v2\/media?parent=268"}],"curies":[{"name":"wp","href":"https:\/\/api.w.org\/{rel}","templated":true}]}}