{"id":287,"date":"2013-06-19T21:05:12","date_gmt":"2013-06-19T21:05:12","guid":{"rendered":"http:\/\/enviro.com\/dev\/?page_id=287"},"modified":"2018-04-23T12:28:01","modified_gmt":"2018-04-23T16:28:01","slug":"about-us","status":"publish","type":"page","link":"https:\/\/enviro.com\/fr\/media\/about-us\/","title":{"rendered":"About Us"},"content":{"rendered":"<div style=\"width: 938px; margin: 40px auto;\">\n<div style=\"margin-top:35px; width: 938px; height: 700px; background-image: url(https:\/\/enviro.com\/wp-content\/uploads\/2013\/10\/background_aboutus.jpg)\">\n<img loading=\"lazy\" decoding=\"async\" src=\"https:\/\/enviro.com\/wp-content\/uploads\/2013\/06\/title_aboutus.png\" alt=\"About Us\" width=\"304\" height=\"48\" class=\"aligncenter size-full wp-image-913\"\/><\/p>\n<p style=\"font-size:11.5pt; line-height:170%; padding: 0px 40px 0px 40px; text-align: justify;\">Sherwood Industries Ltd. est le fabricant de la marque \u00abEnviro\u00bb de produits de chauffage. Nous sommes situ\u00e9s dans Saanichton (environ 16 km au nord de Victoria) sur l&#8217;\u00eele de Vancouver en Colombie-Britannique. Sherwood Industries poss\u00e8de une vaste usine de fabrication o\u00f9 nous employons des technologies de pointe telles que la CAO (conception assist\u00e9e par ordinateur) et un \u00e9tat du laser de coupe en acier de l&#8217;art, tous con\u00e7us pour vous donner le meilleur design pour votre maison avec les plus hauts standards de l&#8217;ing\u00e9nierie.<\/br><br \/>\nNotre qualit\u00e9 sup\u00e9rieure et l&#8217;attention au d\u00e9tail ont fourni Sherwood Industries un avantage concurrentiel. Sherwood Industries est reconnu dans l&#8217;industrie comme ayant l&#8217;une des normes de qualit\u00e9 les plus strictes.<\/p>\n<\/div>\n<p><img loading=\"lazy\" decoding=\"async\" src=\"https:\/\/enviro.com\/wp-content\/uploads\/2013\/06\/title_envirohistory.jpg\" alt=\"The History of Enviro\" width=\"650\" height=\"45\" class=\"alignnone size-full wp-image-914\" style=\"margin-top:35px;\" \/><\/p>\n<div>\n<p style=\"font-size:11.5pt; line-height:170%; text-align: justify;\">Depuis 1988, Sherwood Industries a \u00e9t\u00e9 un chef de file dans son domaine produisant des appareils de gaz, bois et granul\u00e9s de haute qualit\u00e9.<\/p>\n<\/div>\n<p style=\"font-size:11.5pt; line-height:170%; padding: 20px 75px 0px 75px; color:#7f7555;\">\n<b>2014<\/b> &#8211; R\u00e9introduction du Kodiak Bois Insert avec un nouveau design moderne.<br \/>\n<br \/>\n<b>2014<\/b> &#8211; Notre site web est remani\u00e9 avec une navigation am\u00e9lior\u00e9e et plus d&#8217;informations sur ce produit de profondeur.<br \/>\n<br \/>\n<b>2014<\/b> &#8211; Enviro f\u00eate ses 25 ans!<br \/>\n<br \/>\n<b>2013<\/b> &#8211; Enviro commence le d\u00e9veloppement d&#8217;une nouvelle gamme de produits avec le premier est fix\u00e9 \u00e0 lib\u00e9rer en 2014.<br \/>\n<br \/>\n<b>2012<\/b> &#8211; Introduction de l&#8217;E44, le plus grand insert de gaz de notre &#8220;E&#8221; s\u00e9rie lineup.<br \/>\n<br \/>\n<b>2012<\/b> &#8211; Introduction de l&#8217;Cabello Bois Foyer Insert. Notre bois de fer deuxi\u00e8me coul\u00e9e ins\u00e9rer cette fois avec un dessin de la face affleurant.<br \/>\n<br \/>\n<b>2011<\/b> &#8211; Enviro ajoute deux nouvelles unit\u00e9s \u00e0 la s\u00e9rie &#8220;E&#8221; des inserts de gaz. Le E30 et E33 sont lib\u00e9r\u00e9s simultan\u00e9ment avec une large s\u00e9lection de br\u00fbleurs, liners, et entoure.<br \/>\n<br \/>\n<b>2011<\/b> &#8211; Menant de la r\u00e9ussite du Boston Insertion, Enviro introduit le Boston 1200 autoportant Po\u00eale \u00e0 bois avec une version 1700 \u00e0 \u00eatre lib\u00e9r\u00e9 mois plus tard.<br \/>\n<br \/>\n<b>2011<\/b> &#8211; Pr\u00e9sentation du Cast Boston Fer \u00e0 repasser Chemin\u00e9e \u00e0 bois Insert. Disponible en deux configurations 1200 et 1700 firebox.<br \/>\n<br \/>\n<b>2009<\/b> &#8211; Lancement de la M55 fonte po\u00eale multi-combustibles et chemin\u00e9e insert.<br \/>\n<br \/>\n<b>2008<\/b> &#8211; De nouveaux visages pour la mise au point et Sienna &#8211; L&#8217;Ovation, The Carriage House, The Gate House et The Town House. De nouveaux visages pour le DV 36 et DV 42 &#8211; L&#8217;Ovation en noir, Antiqe Cuivre et Fer naturel.<br \/>\n<br \/>\nLors de la c\u00e9r\u00e9monie de HPBA \u00e0 Atlanta, Georgia &#8211; Enviro a \u00e9t\u00e9 finaliste pour le prix Vesta &#8211; Po\u00eales \u00e0 gaz et Inserts &#8211; pour le Cayman Foyer au gaz Insert.<br \/>\n<br \/>\n<b>2007<\/b> &#8211; Enviro multi carburant et l&#8217;autonomie du syst\u00e8me Burner Nettoyage remporte le Prix Vesta pour les composants et les contr\u00f4les de sant\u00e9..<br \/>\n<br \/>\nLe Enviro Maxx pellet autoportante po\u00eale et l&#8217;Omega po\u00eale multi-combustibles ont \u00e9t\u00e9 mis en production.<br \/>\n<br \/>\n<b>2006<\/b> &#8211; Enviro a re\u00e7u 3 r\u00e9compenses finalistes de Hearth &#038; Home magazine pour po\u00eales \u00e0 granul\u00e9s (le Triton), Inserts gaz (le Sonnet), et les carburants renouvelables (Omega).<br \/>\n<br \/>\nLe Sonnet &#8220;Clean-face&#8221; Gas Insert a \u00e9t\u00e9 introduit \u00e0 la place du march\u00e9.<br \/>\n<br \/>\n<b>2005<\/b> &#8211; Enviro a remport\u00e9 le prix Vesta de Hearth &#038; Home magazine pour les meilleurs po\u00eales \u00e0 granul\u00e9s et Insert pour la chaudi\u00e8re Thermo Pellet (vendu sur le march\u00e9 europ\u00e9en) au prix HPBA.<br \/>\n<br \/>\nLe po\u00eale \u00e0 granul\u00e9s Mini autoportante a \u00e9t\u00e9 introduit (style europ\u00e9en).<br \/>\n<br \/>\n<b>2004<\/b> \u2013 Lancement de la Sienna Foyer au gaz Insert. Cet insert en vedette plusieurs des faces des options de visage Sherwood Home Collection.<br \/>\n<br \/>\nEnviro introduit la nouvelle ligne de po\u00eale \u00e0 bois avec 4 nouveaux fours \u00e9l\u00e9ctriques et 2 nouveaux inserts de chemin\u00e9e, le Kodiak 1200 et 1700 bois autoportants Po\u00eales et foyers Inserts.<br \/>\n<br \/>\nLe Westport Po\u00eale en fonte a \u00e9t\u00e9 encore am\u00e9lior\u00e9 avec un nouveau jeu de b\u00fbches et un rev\u00eatement de briques en option.<br \/>\n<br \/>\nEnviro introduit un adaptateur Vent B pour le Westport et les cuisini\u00e8res \u00e0 gaz Ascot.<br \/>\n<br \/>\nLe foyer au gaz DV 36 z\u00e9ro de d\u00e9gagement a \u00e9t\u00e9 introduit et dans la partie post\u00e9rieure de l&#8217;ann\u00e9e obtient de nouvelles options de finition. Cape Cod Les portes d&#8217;ouverture de style et de d\u00e9coration des options de finition sup\u00e9rieure et inf\u00e9rieure.<br \/>\n<br \/>\nLe 45 000 BTU Meridian chemin\u00e9e \u00e0 granul\u00e9s insert est lanc\u00e9. Les caract\u00e9ristiques uniques sont la tr\u00e9mie r\u00e9glable et de nombreuses options de finition.<br \/>\n<br \/>\n<b>2003<\/b> \u2013 Un nouvel \u00e9tat de l&#8217;\u00e9difice de l&#8217;art a \u00e9t\u00e9 construit apportant toutes les installations de fabrication de Sherwood sous un m\u00eame toit.<br \/>\n<br \/>\n2003 a \u00e9galement apport\u00e9 l&#8217;introduction de Home Collection de Sherwood des visages, et les foyers \u00e0 gaz de d\u00e9gagement z\u00e9ro, le DV 42 DX, et DV 50 DX. Ceci marque la premi\u00e8re entreprise s\u00e9rieuse de Enviro sur le march\u00e9 du foyer au gaz.<br \/>\n<br \/>\nLe 45 000 BTU Meridian pellet po\u00eale \u00e0 granul\u00e9s est lanc\u00e9. Les caract\u00e9ristiques uniques sont les nombreuses nouvelles options de finition, y compris le cuivre antique et en \u00e9tain.<br \/>\n<br \/>\n<b>2002<\/b> \u2013 Enviro lance dans la fonte libre debout po\u00eale et chemin\u00e9e insert affaires avec l&#8217;introduction de la Westport et les cuisini\u00e8res \u00e0 gaz Ascot et un visage en fonte pour la mise au point. Enviro introduit le br\u00fbleur \u00abEnviro EmberGlo\u00bb et a \u00e9tabli un nouveau jalon de l&#8217;ing\u00e9nierie et le d\u00e9veloppement de pointe dans l&#8217;industrie du gaz. Ce br\u00fbleur r\u00e9gl\u00e9 une nouvelle norme plus \u00e9lev\u00e9e et mis Enviro \u00e0 la pointe de la r\u00e9alisation technoligical.<br \/>\n<br \/>\n<b>2001<\/b> \u2013 Sherwood a lanc\u00e9 son nouveau logo et de l&#8217;identit\u00e9 d&#8217;entreprise \u00abEnviro\u00bb, qui a tous les produits sous le nom d&#8217;une marque. Enviro introduit un des plus silencieux po\u00eales \u00e0 granul\u00e9s dans le monde avec l&#8217;introduction de l&#8217;Evolution. Ce po\u00eale a \u00e9tabli de nouvelles normes avec sa tr\u00e9mie de 85 lb et son \u00abQuiet System Run\u00bb.<br \/>\n<br \/>\nLe d\u00e9veloppement suppl\u00e9mentaire du produit a donn\u00e9 lieu \u00e0 la mise en place de la ligne chemin\u00e9e insert de gaz de mise au point. Cela a marqu\u00e9 une r\u00e9volution dans la fa\u00e7on dont les inserts de chemin\u00e9e sont affich\u00e9s comme maintenant le consommateur pourrait choisir parmi de nombreuses options de choix de style de vie pour d\u00e9corer leur insert.<br \/>\n<br \/>\n<b>2000<\/b> \u2013 La production du barbecue Bistro sous le nom \u00abEnviro Grill\u00bb, avec une nouvelle ligne de pose libre et insert de chemin\u00e9e des po\u00eales \u00e0 bois. L&#8217;ann\u00e9e 2000 a \u00e9galement vu la gamme de produits de gaz \u00e9largir pour inclure quatre s\u00e9ries de produits de gaz: EG-40, EG-828, unit\u00e9s autoportantes et EG-20, 25, EG-30 et 32 gamme foyer encastrable. Ces mod\u00e8les autonomes et chemin\u00e9e insert unit\u00e9s couvertes, qui \u00e9taient disponibles en gaz naturel ou propane.<br \/>\n<br \/>\n<b>1997<\/b> &#8211;<br \/>\n$ 3 000 000 expansion avec l&#8217;achat d&#8217;une nouvelle usine de fabrication.<br \/>\n<br \/>\n<b>1995<\/b> &#8211; 1995 a vu l&#8217;introduction de l&#8217;EG 95 autoportante po\u00eale et chemin\u00e9e insert. Cela a marqu\u00e9 notre grand mouvement dans le secteur du gaz, qui a augment\u00e9 chaque ann\u00e9e depuis.<br \/>\n<br \/>\n<b>1994<\/b> \u2013 La gamme de produits de gaz Enviro est \u00e9largie avec l&#8217;introduction des EGG 94 inserts de chemin\u00e9e.<br \/>\n<br \/>\n<b>1993<\/b> \u2013 L&#8217;introduction de la ligne \u00abEnviro gaz\u00bb de po\u00eales autoportants de gaz de flamme visible EFG 93.<br \/>\n<br \/>\n<b>1991<\/b> \u2013 L&#8217;expansion de la ligne \u00e0 granul\u00e9s po\u00eale ENVIROFEU a continu\u00e9 avec l&#8217;EF 2 et l&#8217;EF 3.<br \/>\n<br \/>\n<b>1990<\/b> \u2013 Sherwood Industries est entr\u00e9 l&#8217;entreprise \u00e0 granul\u00e9s po\u00eale avec l&#8217;introduction du po\u00eale \u00e0 granul\u00e9s EF1.<br \/>\n<br \/>\n<b>1989<\/b> \u2013 Le \u00abSeefire\u00bb po\u00eale \u00e0 bois a \u00e9t\u00e9 le premier mod\u00e8le \u00e0 \u00eatre construit par Sherwood Industries.\n<\/p>\n<\/div>\n<\/div>\n","protected":false},"excerpt":{"rendered":"<p>Sherwood Industries Ltd. est le fabricant de la marque \u00abEnviro\u00bb de produits de chauffage. Nous sommes situ\u00e9s dans Saanichton (environ 16 km au nord de Victoria) sur l&#8217;\u00eele de Vancouver en Colombie-Britannique. Sherwood Industries poss\u00e8de une vaste usine de fabrication o\u00f9 nous employons des technologies de pointe telles que la CAO (conception assist\u00e9e par ordinateur) [&hellip;]<\/p>\n","protected":false},"author":2,"featured_media":0,"parent":280,"menu_order":0,"comment_status":"closed","ping_status":"open","template":"","meta":{"footnotes":""},"class_list":["post-287","page","type-page","status-publish","hentry"],"_links":{"self":[{"href":"https:\/\/enviro.com\/fr\/wp-json\/wp\/v2\/pages\/287"}],"collection":[{"href":"https:\/\/enviro.com\/fr\/wp-json\/wp\/v2\/pages"}],"about":[{"href":"https:\/\/enviro.com\/fr\/wp-json\/wp\/v2\/types\/page"}],"author":[{"embeddable":true,"href":"https:\/\/enviro.com\/fr\/wp-json\/wp\/v2\/users\/2"}],"replies":[{"embeddable":true,"href":"https:\/\/enviro.com\/fr\/wp-json\/wp\/v2\/comments?post=287"}],"version-history":[{"count":5,"href":"https:\/\/enviro.com\/fr\/wp-json\/wp\/v2\/pages\/287\/revisions"}],"predecessor-version":[{"id":2008,"href":"https:\/\/enviro.com\/fr\/wp-json\/wp\/v2\/pages\/287\/revisions\/2008"}],"up":[{"embeddable":true,"href":"https:\/\/enviro.com\/fr\/wp-json\/wp\/v2\/pages\/280"}],"wp:attachment":[{"href":"https:\/\/enviro.com\/fr\/wp-json\/wp\/v2\/media?parent=287"}],"curies":[{"name":"wp","href":"https:\/\/api.w.org\/{rel}","templated":true}]}}