{"id":550,"date":"2013-08-23T20:01:27","date_gmt":"2013-08-23T20:01:27","guid":{"rendered":"http:\/\/enviro.com\/dev\/?page_id=550"},"modified":"2016-10-03T16:32:01","modified_gmt":"2016-10-03T20:32:01","slug":"request-a-call","status":"publish","type":"page","link":"https:\/\/enviro.com\/fr\/find-a-dealer\/request-a-call\/","title":{"rendered":"Request a Call"},"content":{"rendered":"<div style=\"width: 938px; margin: 40px auto;\">\n<script type=\"text\/javascript\" src=\"https:\/\/ajax.googleapis.com\/ajax\/libs\/jquery\/1.5.2\/jquery.min.js\"><\/script>\n<script type=\"text\/javascript\" src=\"https:\/\/ajax.aspnetcdn.com\/ajax\/jquery.validate\/1.8\/jquery.validate.min.js\"><\/script>\n<script type=\"text\/javascript\">\n$(document).ready(function(){\n  $(\"#form\").validate();\n});\n<\/script>\n\n<form method='POST' action='https:\/\/enviro.com\/fr\/find-a-dealer\/request-a-call\/' id='form' name='form'>\n\t<div style='width: 780px; margin: 50px auto 0 auto;'>\n\t<div style='float: left; width: 450px;'><img src='https:\/\/enviro.com\/wp-content\/uploads\/2013\/10\/dealer-callback.jpg' alt='dealer-callback'\/><\/div>\n\t\t\t<div style='float: left; width: 310px; margin: 0 0 0 20px;'>\n\t\t\t<table width='310px' cellpadding='5' border='0'>\n\t\t\t  <tr>\n\t\t\t\t<td valign='middle' align='left' width='120px'><label>Nom<\/label><\/td>\n\t\t\t\t<td valign='middle' align='left' width='210px'><input type='text' name='contactName' id='contactName' class='required' value='' \/><\/td>\n\t\t\t  <\/tr>\n\t\t\t  <tr>\n\t\t\t\t<td valign='middle' align='left'><label>Contact pr\u00e9f\u00e9r\u00e9<\/label><\/td>\n\t\t\t\t<td valign='middle' align='left'>\n\t\t\t\t<div class='locaterSelect'>\n\t\t\t\t\t<select name='contactPreference' class='required' onchange='this.form.submit()'>\n\t\t\t\t\t<option value=''> -- Select -- <\/option><option value='email'> Email <\/option>\n\t\t\t\t\t\t\t\t  <option value='telephone'> T\u00e9l\u00e9phone <\/option>\n\t\t\t\t\t<\/select><\/div>\n\t\t\t\t<\/td>\n\t\t\t  <\/tr><tr>\n\t\t\t\t\t<td valign='middle' align='left' width='25%'><label>Pays:<\/label><\/td>\n\t\t\t\t \t<td valign='middle' align='left' width='75%'>\n\t\t\t\t\t<div class='locaterSelect'>\n\t\t\t\t\t    <select id='country' name='country' onchange='this.form.submit()' class='required'>\n\t\t\t\t\t    \t<option value=''>-- Choisissez un pays --<\/option><option value='2'> \u00c9tats Unis <\/option><option value='1'> Canada <\/option><option value='3'> Autre (pr\u00e9cisez) <\/option><\/select><\/div>\n\t\t\t   \t\t<\/td>\n\t\t\t   \t<\/tr><tr>\n\t\t\t\t<td valign='middle' align='left'><label>Cit\u00e9<\/label><\/td>\n\t\t\t\t<td valign='middle' align='left'><input type='text' name='city' id='city' class='required validate-digits' value='' \/><\/td>\n\t\t\t  <\/tr>\n\t\t\t\t\t    <tr>\n\t\t\t\t\t\t<td valign='middle' align='left'><label>Produit<\/label><\/td>\n\t\t\t\t\t\t<td valign='middle' align='left'>\n\t\t\t\t\t\t<div class='locaterSelect'>\n\t\t\t\t\t\t\t<select name='category' id='category' class='required'\/>\n\t\t\t\t\t\t\t\t<option value=''> -- Choisir -- <\/option>\n\t\t\t\t\t\t\t\t<option value='Gas'> Gaz <\/option>\n\t\t\t\t\t\t\t\t<option value='Pellet'> Granules <\/option>\n\t\t\t\t\t\t\t\t<option value='Wood'> Bois <\/option>\n\t\t\t\t\t\t\t<\/select><\/div>\n\t\t\t\t\t\t<\/td>\n\t\t\t\t\t  <\/tr>\n\t\t\t\t\t    <tr>\n\t\t\t\t\t\t<td valign='middle' align='left'><label>Questions ou commentaires<\/label><\/td>\n\t\t\t\t\t\t<td valign='middle' align='left'><textarea rows='6' cols='25' wrap='soft' style='height:50px' name='comments' id='comments'><\/textarea><\/td>\n\t\t\t\t\t  <\/tr>\t  \n\t\t\t\t\t  <tr>\n\t\t\t\t\t\t<td colspan='2' valign='middle' align='center'><div class='g-recaptcha' data-sitekey='6LdrvA8TAAAAALk3hzDIwvPqgB-hRxO0KdcE1Ad7'><\/div><\/td>\t\n\t\t\t\t\t  <\/tr>\t  \n\t\t\t\t\t  <tr>\n\t\t\t\t\t\t<td valign='middle' align='left'>&nbsp;<\/td>\n\t\t\t\t\t\t<td valign='middle' align='left'>\n\n\t\t\t\t\t\t\t\t<input type='hidden' name='posted' value='2026-04-29' \/>\n\t\t\t\t\t\t\t\t<input type='submit' value='Contact Me' class='buttonDist roundedBut shadow box'  \/>\n\t\t\t\t\t\t\t<\/form>\n\t\t\t\t\t\t<\/td>\n\t\t\t\t\t  <\/tr>\n\n\t\t\t\t <script type='text\/javascript'>\n\t\t\t\t\tnew Validation(\"form\", {stopOnFirst : false});\n\t\t\t\t<\/script><\/table><\/div><\/div>\n\n<\/div>\n","protected":false},"excerpt":{"rendered":"","protected":false},"author":1,"featured_media":0,"parent":297,"menu_order":0,"comment_status":"closed","ping_status":"open","template":"","meta":{"footnotes":""},"class_list":["post-550","page","type-page","status-publish","hentry"],"_links":{"self":[{"href":"https:\/\/enviro.com\/fr\/wp-json\/wp\/v2\/pages\/550"}],"collection":[{"href":"https:\/\/enviro.com\/fr\/wp-json\/wp\/v2\/pages"}],"about":[{"href":"https:\/\/enviro.com\/fr\/wp-json\/wp\/v2\/types\/page"}],"author":[{"embeddable":true,"href":"https:\/\/enviro.com\/fr\/wp-json\/wp\/v2\/users\/1"}],"replies":[{"embeddable":true,"href":"https:\/\/enviro.com\/fr\/wp-json\/wp\/v2\/comments?post=550"}],"version-history":[{"count":4,"href":"https:\/\/enviro.com\/fr\/wp-json\/wp\/v2\/pages\/550\/revisions"}],"predecessor-version":[{"id":1962,"href":"https:\/\/enviro.com\/fr\/wp-json\/wp\/v2\/pages\/550\/revisions\/1962"}],"up":[{"embeddable":true,"href":"https:\/\/enviro.com\/fr\/wp-json\/wp\/v2\/pages\/297"}],"wp:attachment":[{"href":"https:\/\/enviro.com\/fr\/wp-json\/wp\/v2\/media?parent=550"}],"curies":[{"name":"wp","href":"https:\/\/api.w.org\/{rel}","templated":true}]}}